{"id":568,"date":"2022-06-29T11:42:09","date_gmt":"2022-06-29T09:42:09","guid":{"rendered":"https:\/\/www.xitor.de\/?page_id=568"},"modified":"2025-02-26T09:10:26","modified_gmt":"2025-02-26T08:10:26","slug":"impressum","status":"publish","type":"page","link":"https:\/\/www.xitor.de\/index.php\/impressum\/","title":{"rendered":"Impressum"},"content":{"rendered":"\n<p class=\"has-large-font-size\"><strong>Xitor GmbH<\/strong><\/p>\n\n\n\n<p><strong>Angaben gem\u00e4\u00df \u00a7 5 TMG<\/strong><\/p>\n\n\n\n<div class=\"wp-block-columns has-background is-layout-flex wp-container-core-columns-is-layout-9d6595d7 wp-block-columns-is-layout-flex\" style=\"background-color:#f1f8fa\">\n<div class=\"wp-block-column is-layout-flow wp-block-column-is-layout-flow\">\n<h3 class=\"wp-block-heading\"><\/h3>\n\n\n\n<p><strong><strong>Xitor GmbH<\/strong><\/strong><br>Langer Grund 8<a href=\"mailto:office@xitor.de\u200d\"><br>\u200d<\/a>16348 Wandlitz<br><br><strong><strong><strong>Vertreten durch<\/strong><\/strong><\/strong>:<br>Gesch\u00e4ftsf\u00fchrer: Andree Bauer<\/p>\n<\/div>\n\n\n\n<div class=\"wp-block-column Langer Grund 8  16348 Wandlitz is-layout-flow wp-block-column-is-layout-flow\">\n<h3 class=\"wp-block-heading\"><\/h3>\n\n\n\n<p><strong><strong><strong>Zweigniederlassung<\/strong><\/strong><\/strong><br>Hackescher Markt 1<a href=\"mailto:\u200d\"><br>\u200d<\/a>10178 Berlin<br><br><strong><strong>Kontakt<\/strong><\/strong>:<br>Telefon: +49 30 235939380<a href=\"mailto:\u200d\"><br>\u200d<\/a>E-Mail: office@xitor.de<\/p>\n<\/div>\n<\/div>\n\n\n\n<div class=\"wp-block-columns is-layout-flex wp-container-core-columns-is-layout-9d6595d7 wp-block-columns-is-layout-flex\">\n<div class=\"wp-block-column is-layout-flow wp-block-column-is-layout-flow\"><\/div>\n\n\n\n<div class=\"wp-block-column is-layout-flow wp-block-column-is-layout-flow\"><\/div>\n<\/div>\n\n\n\n<p><strong><strong>Registereintrag<\/strong><\/strong>:<br>Eintragung im Handelsregister<br>Registergericht: Amtsgericht Frankfurt (Oder)<br>Registernummer: HRB 14402 FF<\/p>\n\n\n\n<p><strong><strong>Umsatzsteuer-Identifikationsnummer gem\u00e4\u00df \u00a727 a Umsatzsteuergesetz:<\/strong><\/strong> DE254461778<\/p>\n\n\n\n<p><strong><strong>Datenschutzbeauftragt gem\u00e4\u00df Bundesdatenschutzgesetz:<\/strong><\/strong><br>Anna Tiede von der WS Datenschutz GmbH<\/p>\n\n\n\n<p>Bei Fragen zum Datenschutz k\u00f6nnen Sie die WS Datenschutz GmbH unter folgender E-Mail-Adresse erreichen: xitor@ws-datenschutz.de<\/p>\n\n\n\n<p>WS Datenschutz GmbH<br>Dircksenstra\u00dfe 51<br>D-10178 Berlin<\/p>\n\n\n\n<p><\/p>\n","protected":false},"excerpt":{"rendered":"<p>Xitor GmbH Angaben gem\u00e4\u00df \u00a7 5 TMG Xitor GmbHLanger Grund 8\u200d16348 Wandlitz Vertreten durch:Gesch\u00e4ftsf\u00fchrer: Andree Bauer ZweigniederlassungHackescher Markt 1\u200d10178 Berlin Kontakt:Telefon: +49 30 235939380\u200dE-Mail: office@xitor.de Registereintrag:Eintragung im HandelsregisterRegistergericht: Amtsgericht Frankfurt (Oder)Registernummer: HRB 14402 FF Umsatzsteuer-Identifikationsnummer gem\u00e4\u00df \u00a727 a Umsatzsteuergesetz: DE254461778 Datenschutzbeauftragt gem\u00e4\u00df Bundesdatenschutzgesetz:Anna Tiede von der WS Datenschutz GmbH Bei Fragen zum Datenschutz k\u00f6nnen Sie [&hellip;]<\/p>\n","protected":false},"author":1,"featured_media":0,"parent":0,"menu_order":80,"comment_status":"closed","ping_status":"closed","template":"fullwidth.php","meta":{"footnotes":""},"class_list":["post-568","page","type-page","status-publish","hentry"],"_links":{"self":[{"href":"https:\/\/www.xitor.de\/index.php\/wp-json\/wp\/v2\/pages\/568","targetHints":{"allow":["GET"]}}],"collection":[{"href":"https:\/\/www.xitor.de\/index.php\/wp-json\/wp\/v2\/pages"}],"about":[{"href":"https:\/\/www.xitor.de\/index.php\/wp-json\/wp\/v2\/types\/page"}],"author":[{"embeddable":true,"href":"https:\/\/www.xitor.de\/index.php\/wp-json\/wp\/v2\/users\/1"}],"replies":[{"embeddable":true,"href":"https:\/\/www.xitor.de\/index.php\/wp-json\/wp\/v2\/comments?post=568"}],"version-history":[{"count":51,"href":"https:\/\/www.xitor.de\/index.php\/wp-json\/wp\/v2\/pages\/568\/revisions"}],"predecessor-version":[{"id":717,"href":"https:\/\/www.xitor.de\/index.php\/wp-json\/wp\/v2\/pages\/568\/revisions\/717"}],"wp:attachment":[{"href":"https:\/\/www.xitor.de\/index.php\/wp-json\/wp\/v2\/media?parent=568"}],"curies":[{"name":"wp","href":"https:\/\/api.w.org\/{rel}","templated":true}]}}