{"id":42,"date":"2022-06-22T13:32:45","date_gmt":"2022-06-22T11:32:45","guid":{"rendered":"https:\/\/www.xitor.de\/?page_id=42"},"modified":"2022-07-05T11:15:49","modified_gmt":"2022-07-05T09:15:49","slug":"unternehmen","status":"publish","type":"page","link":"https:\/\/www.xitor.de\/index.php\/unternehmen\/","title":{"rendered":"Unternehmen"},"content":{"rendered":"\n<h2 class=\"wp-block-heading\">Wir entwickeln Software \u2013 und Ihnen ganz neue M\u00f6glichkeiten.<\/h2>\n\n\n\n<p>Steuerberatung findet heute in einem immer komplexeren Marktumfeld mit zunehmendem<br>Wettbewerbsdruck statt \u2013 auch durch in den Markt dr\u00e4ngende Startups mit Millionenfinanzierung<br>sowie den immer st\u00e4rker sp\u00fcrbaren Fachkr\u00e4ftemangel.<\/p>\n\n\n\n<p>Wir glauben, dass nur ca. 20% der Aufgaben im Bereich der klassischen Steuerberatung neue<br>Herausforderungen sind, f\u00fcr die es die Expertise, das Fingerspitzengef\u00fchl und die Kapazit\u00e4ten der in<br>den Kanzleien t\u00e4tigen Fachkr\u00e4fte braucht. Darauf sollten Sie sich voll und ganz konzentrieren k\u00f6nnen!<br>Die \u00fcbrigen 80% sind Sachverhaltsaufkl\u00e4rung, sich (nahezu) wiederholende T\u00e4tigkeiten und Verkn\u00fcpfung von bestehendem Wissen. Mit unseren L\u00f6sungen digitalisieren wir Ihre Informationen strukturiert und \u00fcbersetzen Ihre bestehenden Abl\u00e4ufe in digitale und automatisierte Workflows.<\/p>\n\n\n\n<p>Dadurch bieten wir Ihnen einen echten Mehrwert und geben auch gewachsenen und traditionellen<br>Kanzleien die M\u00f6glichkeit, mit den neuen Wettbewerbern mitzuhalten und ihren Qualit\u00e4tsvorsprung f\u00fcr die Zukunft zu sichern \u2013 oder sogar auszubauen. Denn genau darum geht es:<\/p>\n\n\n\n<div class=\"wp-block-media-text alignwide is-stacked-on-mobile is-vertically-aligned-top has-background\" style=\"background-color:#f1f8fa\"><figure class=\"wp-block-media-text__media\"><img loading=\"lazy\" decoding=\"async\" width=\"397\" height=\"352\" src=\"https:\/\/www.xitor.de\/wp-content\/uploads\/2022\/06\/christian_meyer-1.png\" alt=\"\" class=\"wp-image-479 size-full\" srcset=\"https:\/\/www.xitor.de\/wp-content\/uploads\/2022\/06\/christian_meyer-1.png 397w, https:\/\/www.xitor.de\/wp-content\/uploads\/2022\/06\/christian_meyer-1-300x266.png 300w\" sizes=\"auto, (max-width: 397px) 100vw, 397px\" \/><\/figure><div class=\"wp-block-media-text__content\">\n<div class=\"wp-block-group\" style=\"padding-top:2em;padding-right:2em;padding-bottom:2em;padding-left:2em\"><div class=\"wp-block-group__inner-container is-layout-flow wp-block-group-is-layout-flow\">\n<p style=\"font-size:16px\"><br><em>\u201eAls Steuerberater mit mehr als 20 Jahren Berufserfahrung in einem Team von mehr als 60 Fachleuten sind mir sowohl die W\u00fcnsche als auch die Notwendigkeiten klar, welche die Digitalisierung, die Automatisierung und die M\u00f6glichkeiten der K\u00fcnstlichen Intelligenz f\u00fcr unsere Branche erf\u00fcllen k\u00f6nnen.<br><br>Mit dem Team der Xitor GmbH habe ich Menschen kennen gelernt, die in der Lage sind, diese Ideen Realit\u00e4t werden zu lassen. Es ist faszinierend mitzuerleben, wie die bisherigen Ergebnisse der Entwicklungen der Xitor GmbH die Potentiale dieser Technik immer st\u00e4rker sichtbar machen.\u201c<\/em><\/p>\n\n\n\n<p class=\"has-extra-small-font-size\"><em><strong><strong>Christian Meyer<\/strong><\/strong><br>Leiter Produktentwicklung<\/em><\/p>\n<\/div><\/div>\n<\/div><\/div>\n\n\n\n<p><\/p>\n","protected":false},"excerpt":{"rendered":"<p>Wir entwickeln Software \u2013 und Ihnen ganz neue M\u00f6glichkeiten. Steuerberatung findet heute in einem immer komplexeren Marktumfeld mit zunehmendemWettbewerbsdruck statt \u2013 auch durch in den Markt dr\u00e4ngende Startups mit Millionenfinanzierungsowie den immer st\u00e4rker sp\u00fcrbaren Fachkr\u00e4ftemangel. Wir glauben, dass nur ca. 20% der Aufgaben im Bereich der klassischen Steuerberatung neueHerausforderungen sind, f\u00fcr die es die Expertise, [&hellip;]<\/p>\n","protected":false},"author":1,"featured_media":0,"parent":0,"menu_order":60,"comment_status":"closed","ping_status":"closed","template":"fullwidth.php","meta":{"footnotes":""},"class_list":["post-42","page","type-page","status-publish","hentry"],"_links":{"self":[{"href":"https:\/\/www.xitor.de\/index.php\/wp-json\/wp\/v2\/pages\/42","targetHints":{"allow":["GET"]}}],"collection":[{"href":"https:\/\/www.xitor.de\/index.php\/wp-json\/wp\/v2\/pages"}],"about":[{"href":"https:\/\/www.xitor.de\/index.php\/wp-json\/wp\/v2\/types\/page"}],"author":[{"embeddable":true,"href":"https:\/\/www.xitor.de\/index.php\/wp-json\/wp\/v2\/users\/1"}],"replies":[{"embeddable":true,"href":"https:\/\/www.xitor.de\/index.php\/wp-json\/wp\/v2\/comments?post=42"}],"version-history":[{"count":20,"href":"https:\/\/www.xitor.de\/index.php\/wp-json\/wp\/v2\/pages\/42\/revisions"}],"predecessor-version":[{"id":701,"href":"https:\/\/www.xitor.de\/index.php\/wp-json\/wp\/v2\/pages\/42\/revisions\/701"}],"wp:attachment":[{"href":"https:\/\/www.xitor.de\/index.php\/wp-json\/wp\/v2\/media?parent=42"}],"curies":[{"name":"wp","href":"https:\/\/api.w.org\/{rel}","templated":true}]}}