{"id":40,"date":"2022-06-22T13:32:28","date_gmt":"2022-06-22T11:32:28","guid":{"rendered":"https:\/\/www.xitor.de\/?page_id=40"},"modified":"2023-01-23T09:59:38","modified_gmt":"2023-01-23T08:59:38","slug":"xitor-expert","status":"publish","type":"page","link":"https:\/\/www.xitor.de\/index.php\/xitor-expert\/","title":{"rendered":"Xitor Expert"},"content":{"rendered":"\n<p><\/p>\n\n\n\n<h2 class=\"wp-block-heading\">F\u00fcr viel mehr Qualit\u00e4t in viel weniger Zeit<\/h2>\n\n\n\n<p>Xitor\u00ae<strong>Expert <\/strong>ist ein leistungsstarkes Business-Intelligence-Tool f\u00fcr besseres Qualit\u00e4tsmanagement. Die Software \u00fcberpr\u00fcft Qualit\u00e4tsfragen und liefert die Auswertung in Form von Visualisierungen und Tabellen. Alles Wichtige \u00fcber Ihre Mandanten auf einen Blick. Zus\u00e4tzlich k\u00f6nnen Sie und Ihre Mandanten von der grafischen Auswertung, \u00fcber die Tabellen und Konten bis zum Belegbild alles auch selbst analysieren.<\/p>\n\n\n\n<figure class=\"wp-block-image size-full\"><img decoding=\"async\" src=\"https:\/\/www.xitor.de\/wp-content\/uploads\/2022\/06\/monitore_expert.jpg\" alt=\"\" class=\"wp-image-335\"\/><\/figure>\n\n\n\n<div class=\"wp-block-columns is-layout-flex wp-container-core-columns-is-layout-9d6595d7 wp-block-columns-is-layout-flex\">\n<div class=\"wp-block-column is-layout-flow wp-block-column-is-layout-flow\"><\/div>\n<\/div>\n\n\n\n<h2 class=\"wp-block-heading\">Programmfunktionen<\/h2>\n\n\n\n<ul class=\"wp-block-list\">\n<li>Webbasierte Software ohne Installationsaufwand, dadurch auch Zugriff aus dem Homeoffice<\/li>\n\n\n\n<li>Leistungsstarkes BI-Tool f\u00fcr Buchf\u00fchrungen (aktuell Datev, Microsoft in Planung, andere auf Anfrage)<\/li>\n\n\n\n<li>QM- und Risikomanagement-Auswertungen auf einen Blick\n<ul class=\"wp-block-list\">\n<li>Auswertung \u00fcber alle Mandanten m\u00f6glich\n<ul class=\"wp-block-list\">\n<li>STARUG \u2013 EK-Status<\/li>\n\n\n\n<li>Abfragen zu definierten Risikoposten (z.B. die 20 gr\u00f6\u00dften ER im aktuellen Monat und deren Verbuchung)<\/li>\n\n\n\n<li>Qualit\u00e4ts\u00fcbersicht FiBu (EB-Wertvortrag, USt-Verprobung, Status FiBu, Status 1590\/1360; regelm\u00e4\u00dfige Buchungen<\/li>\n<\/ul>\n<\/li>\n<\/ul>\n<\/li>\n\n\n\n<li>Risiko- und Qualit\u00e4tsanalyse einzelner Mandanten\n<ul class=\"wp-block-list\">\n<li>Vollst\u00e4ndigkeit Eingangsrechnungen<\/li>\n\n\n\n<li>Statistische Auff\u00e4lligkeiten<\/li>\n<\/ul>\n<\/li>\n\n\n\n<li>Effizienzanalyse Team intern\n<ul class=\"wp-block-list\">\n<li>Analyse Buchungsverhalten<\/li>\n\n\n\n<li>Analyse Buchungsstatistik<\/li>\n<\/ul>\n<\/li>\n\n\n\n<li>Dokumentationstool f\u00fcr Qualit\u00e4tspr\u00fcfungen Buchhaltung\n<ul class=\"wp-block-list\">\n<li>Erl\u00e4uterungen zu Systemauff\u00e4lligkeiten inkl. Link zu Dokumenten<\/li>\n\n\n\n<li>Erzeugung Buchungsdokumente f\u00fcr Abschluss- und Abgrenzungsbuchungen<\/li>\n<\/ul>\n<\/li>\n\n\n\n<li>Interaktives Tool, direkter Zugriff bis auf die Buchungen und Beleg (bei Nutzung Xitor\u00aeInvoices)<\/li>\n\n\n\n<li>Komplexe interaktive Mandantenauswertungen\n<ul class=\"wp-block-list\">\n<li>Liquidit\u00e4tsstatus mit Rating und Forecast<\/li>\n\n\n\n<li>Eigenkapitalstatus mit Rating und Forecast<\/li>\n\n\n\n<li>BWA \u2013 Standard und Individuell<\/li>\n\n\n\n<li>Kostenentwicklungen<\/li>\n<\/ul>\n<\/li>\n\n\n\n<li>Revisionssicher, GoBD konform<\/li>\n\n\n\n<li>Deutsche Server und hohe Sicherheitsstandards, Betrieb innerhalb der eigenen Server m\u00f6glich<\/li>\n\n\n\n<li>Eingeschr\u00e4nkter Mandantenzugriff m\u00f6glich (Auswertungen Mandant)<\/li>\n<\/ul>\n\n\n\n<hr class=\"wp-block-separator has-alpha-channel-opacity\"\/>\n\n\n\n<div class=\"wp-block-columns is-layout-flex wp-container-core-columns-is-layout-9d6595d7 wp-block-columns-is-layout-flex\">\n<div class=\"wp-block-column is-layout-flow wp-block-column-is-layout-flow\">\n<div class=\"wp-block-buttons is-layout-flex wp-block-buttons-is-layout-flex\">\n<div class=\"wp-block-button\"><a class=\"wp-block-button__link wp-element-button\" href=\"https:\/\/www.xitor.de\/index.php\/xitor-dms\/\">zur\u00fcck<\/a><\/div>\n<\/div>\n<\/div>\n<\/div>\n","protected":false},"excerpt":{"rendered":"<p>F\u00fcr viel mehr Qualit\u00e4t in viel weniger Zeit Xitor\u00aeExpert ist ein leistungsstarkes Business-Intelligence-Tool f\u00fcr besseres Qualit\u00e4tsmanagement. Die Software \u00fcberpr\u00fcft Qualit\u00e4tsfragen und liefert die Auswertung in Form von Visualisierungen und Tabellen. Alles Wichtige \u00fcber Ihre Mandanten auf einen Blick. Zus\u00e4tzlich k\u00f6nnen Sie und Ihre Mandanten von der grafischen Auswertung, \u00fcber die Tabellen und Konten bis zum [&hellip;]<\/p>\n","protected":false},"author":1,"featured_media":0,"parent":0,"menu_order":50,"comment_status":"closed","ping_status":"closed","template":"fullwidth.php","meta":{"footnotes":""},"class_list":["post-40","page","type-page","status-publish","hentry"],"_links":{"self":[{"href":"https:\/\/www.xitor.de\/index.php\/wp-json\/wp\/v2\/pages\/40","targetHints":{"allow":["GET"]}}],"collection":[{"href":"https:\/\/www.xitor.de\/index.php\/wp-json\/wp\/v2\/pages"}],"about":[{"href":"https:\/\/www.xitor.de\/index.php\/wp-json\/wp\/v2\/types\/page"}],"author":[{"embeddable":true,"href":"https:\/\/www.xitor.de\/index.php\/wp-json\/wp\/v2\/users\/1"}],"replies":[{"embeddable":true,"href":"https:\/\/www.xitor.de\/index.php\/wp-json\/wp\/v2\/comments?post=40"}],"version-history":[{"count":27,"href":"https:\/\/www.xitor.de\/index.php\/wp-json\/wp\/v2\/pages\/40\/revisions"}],"predecessor-version":[{"id":711,"href":"https:\/\/www.xitor.de\/index.php\/wp-json\/wp\/v2\/pages\/40\/revisions\/711"}],"wp:attachment":[{"href":"https:\/\/www.xitor.de\/index.php\/wp-json\/wp\/v2\/media?parent=40"}],"curies":[{"name":"wp","href":"https:\/\/api.w.org\/{rel}","templated":true}]}}