{"id":38,"date":"2022-06-22T13:32:11","date_gmt":"2022-06-22T11:32:11","guid":{"rendered":"https:\/\/www.xitor.de\/?page_id=38"},"modified":"2023-01-23T09:56:58","modified_gmt":"2023-01-23T08:56:58","slug":"xitor-dms","status":"publish","type":"page","link":"https:\/\/www.xitor.de\/index.php\/xitor-dms\/","title":{"rendered":"Xitor DMS"},"content":{"rendered":"\n<p><img decoding=\"async\" title=\"\" src=\"https:\/\/www.xitor.de\/wp-content\/uploads\/2022\/06\/cropped-header_home-1.jpg\" alt=\"\" width=\"230\"><\/p>\n\n\n\n<h2 class=\"wp-block-heading\">Die Basis f\u00fcr die Automatisierung komplexer Workflows<\/h2>\n\n\n\n<p>Mit Xitor\u00aeDMS erhalten Sie ein umfangreiches Archivierungssystem f\u00fcr s\u00e4mtliche Dokumente. Die Software bietet damit weit mehr als Digitalisierung. Sie ist die Basis f\u00fcr automatisierte Workflows. Denn alle Informationen aus Ihren Dokumenten sind jederzeit global verf\u00fcgbar. Und das in einer Qualit\u00e4t, die es Ihnen erlaubt, auf dieser Basis verbindliche und rechtssichere Entscheidungen zu treffen. <\/p>\n\n\n\n<figure class=\"wp-block-image size-full\"><img loading=\"lazy\" decoding=\"async\" width=\"550\" height=\"298\" src=\"https:\/\/www.xitor.de\/wp-content\/uploads\/2022\/06\/monitore_dms.jpg\" alt=\"\" class=\"wp-image-441\" srcset=\"https:\/\/www.xitor.de\/wp-content\/uploads\/2022\/06\/monitore_dms.jpg 550w, https:\/\/www.xitor.de\/wp-content\/uploads\/2022\/06\/monitore_dms-300x163.jpg 300w\" sizes=\"auto, (max-width: 550px) 100vw, 550px\" \/><\/figure>\n\n\n\n<h2 class=\"wp-block-heading\">Programmfunktionen<\/h2>\n\n\n\n<ul class=\"wp-block-list\">\n<li>Webbasierte Software ohne Installationsaufwand, dadurch auch Zugriff aus dem Homeoffice<\/li>\n\n\n\n<li>Komfortable Importfunktionen f\u00fcr Dokumente<\/li>\n\n\n\n<li>Direkte Kommentierung an Dokumenten und Definitionen von Aufgaben m\u00f6glich<\/li>\n\n\n\n<li>\u00dcbersichtliches Dashboard<\/li>\n\n\n\n<li>Volltexterkennung der Dokumente (OCR)<\/li>\n\n\n\n<li>Besonderheit: Dokumentenartenspezifische Indexierung m\u00f6glich (Ausgangsbasis f\u00fcr komplexe Automatisierungen)<\/li>\n\n\n\n<li>Individuelle Indexfelder pro Mandant\/Mandantengruppe m\u00f6glich<\/li>\n\n\n\n<li>Individuelle Strukturansicht je Nutzer m\u00f6glich<\/li>\n\n\n\n<li>Mehrfachzuordnungen eines Dokumentes m\u00f6glich<\/li>\n\n\n\n<li>\u201eSplitten\u201c von Dokumenten m\u00f6glich (ein Dokument geh\u00f6rt zu mehreren Dokumentenarten)<\/li>\n\n\n\n<li>Vielf\u00e4ltige Aktionen auf Ebene eines Dokumentes m\u00f6glich (Kommentieren, Aufgaben definieren,<\/li>\n\n\n\n<li>mit Dritten teilen, Mailversand, etc.)<\/li>\n\n\n\n<li>Erkennung von Duplikaten auf Ebene einer Unternehmensgruppe<\/li>\n\n\n\n<li>Revisionssichere Archivierung, GoBD konform<\/li>\n\n\n\n<li>Deutsche Server und hohe Sicherheitsstandards<\/li>\n<\/ul>\n\n\n\n<hr class=\"wp-block-separator has-alpha-channel-opacity\"\/>\n\n\n\n<div class=\"wp-block-buttons is-layout-flex wp-block-buttons-is-layout-flex\"><\/div>\n\n\n\n<div class=\"wp-block-columns is-layout-flex wp-container-core-columns-is-layout-9d6595d7 wp-block-columns-is-layout-flex\">\n<div class=\"wp-block-column is-layout-flow wp-block-column-is-layout-flow\" style=\"flex-basis:66.66%\">\n<div class=\"wp-block-buttons is-layout-flex wp-block-buttons-is-layout-flex\">\n<div class=\"wp-block-button\"><a class=\"wp-block-button__link wp-element-button\" href=\"https:\/\/www.xitor.de\/index.php\/xitor-invoices\/\">zur\u00fcck<\/a><\/div>\n<\/div>\n<\/div>\n\n\n\n<div class=\"wp-block-column is-layout-flow wp-block-column-is-layout-flow\" style=\"flex-basis:33.33%\">\n<div class=\"wp-block-buttons is-content-justification-right is-layout-flex wp-container-core-buttons-is-layout-765c4724 wp-block-buttons-is-layout-flex\">\n<div class=\"wp-block-button\"><a class=\"wp-block-button__link wp-element-button\" href=\"https:\/\/www.xitor.de\/index.php\/xitor-expert\/\">weiter<\/a><\/div>\n<\/div>\n<\/div>\n<\/div>\n","protected":false},"excerpt":{"rendered":"<p>Die Basis f\u00fcr die Automatisierung komplexer Workflows Mit Xitor\u00aeDMS erhalten Sie ein umfangreiches Archivierungssystem f\u00fcr s\u00e4mtliche Dokumente. Die Software bietet damit weit mehr als Digitalisierung. Sie ist die Basis f\u00fcr automatisierte Workflows. Denn alle Informationen aus Ihren Dokumenten sind jederzeit global verf\u00fcgbar. Und das in einer Qualit\u00e4t, die es Ihnen erlaubt, auf dieser Basis verbindliche [&hellip;]<\/p>\n","protected":false},"author":1,"featured_media":0,"parent":0,"menu_order":40,"comment_status":"closed","ping_status":"closed","template":"fullwidth.php","meta":{"footnotes":""},"class_list":["post-38","page","type-page","status-publish","hentry"],"_links":{"self":[{"href":"https:\/\/www.xitor.de\/index.php\/wp-json\/wp\/v2\/pages\/38","targetHints":{"allow":["GET"]}}],"collection":[{"href":"https:\/\/www.xitor.de\/index.php\/wp-json\/wp\/v2\/pages"}],"about":[{"href":"https:\/\/www.xitor.de\/index.php\/wp-json\/wp\/v2\/types\/page"}],"author":[{"embeddable":true,"href":"https:\/\/www.xitor.de\/index.php\/wp-json\/wp\/v2\/users\/1"}],"replies":[{"embeddable":true,"href":"https:\/\/www.xitor.de\/index.php\/wp-json\/wp\/v2\/comments?post=38"}],"version-history":[{"count":18,"href":"https:\/\/www.xitor.de\/index.php\/wp-json\/wp\/v2\/pages\/38\/revisions"}],"predecessor-version":[{"id":709,"href":"https:\/\/www.xitor.de\/index.php\/wp-json\/wp\/v2\/pages\/38\/revisions\/709"}],"wp:attachment":[{"href":"https:\/\/www.xitor.de\/index.php\/wp-json\/wp\/v2\/media?parent=38"}],"curies":[{"name":"wp","href":"https:\/\/api.w.org\/{rel}","templated":true}]}}