{"id":20,"date":"2022-06-22T13:16:42","date_gmt":"2022-06-22T11:16:42","guid":{"rendered":"https:\/\/www.xitor.de\/?page_id=20"},"modified":"2022-07-01T13:48:39","modified_gmt":"2022-07-01T11:48:39","slug":"home","status":"publish","type":"page","link":"https:\/\/www.xitor.de\/","title":{"rendered":"Startseite"},"content":{"rendered":"\n<h2 class=\"wp-block-heading\">Steuerberatung und Accounting der n\u00e4chsten Generation<\/h2>\n\n\n\n<p><\/p>\n\n\n\n<p>Das ist die Mission von Xitor\u00ae. Voraussetzung daf\u00fcr ist es, alle relevanten Informationen strukturiert zu digitalisieren und bew\u00e4hrte Abl\u00e4ufe in automatisierte Workflows zu \u00fcbersetzen. So ist es m\u00f6glich, s\u00e4mtliche Prozesse rund um die Steuerberatung einfacher, transparenter und effizienter zu machen. Daf\u00fcr bieten wir Ihnen innovative und einfach zu implementierende Softwarel\u00f6sungen \u2013 ausgerichtet an Ihren Bed\u00fcrfnissen.<\/p>\n\n\n\n<p><\/p>\n\n\n\n<figure class=\"wp-block-image size-full pull-center\"><img decoding=\"async\" src=\"http:\/\/www.xitor.de\/wp-content\/uploads\/2022\/06\/monitore.jpg\" alt=\"\" class=\"wp-image-56\"\/><\/figure>\n\n\n\n<h2 class=\"wp-block-heading\">Unsere Produkte<\/h2>\n\n\n\n<div class=\"wp-block-columns aCenter is-layout-flex wp-container-core-columns-is-layout-9d6595d7 wp-block-columns-is-layout-flex\">\n<div class=\"wp-block-column has-background is-layout-flow wp-block-column-is-layout-flow\" style=\"background-color:#f1f8fa\">\n<figure class=\"wp-block-image size-full is-resized\"><img loading=\"lazy\" decoding=\"async\" src=\"https:\/\/www.xitor.de\/wp-content\/uploads\/2022\/06\/Xitor_Invoices_Logo753.png\" alt=\"\" class=\"wp-image-114\" width=\"188\" height=\"20\"\/><\/figure>\n\n\n\n<p>Rechnungsmanagement f\u00fcr professionelle Anwender<\/p>\n\n\n\n<div class=\"wp-block-buttons is-vertical is-content-justification-center is-layout-flex wp-container-core-buttons-is-layout-41848169 wp-block-buttons-is-layout-flex\">\n<div class=\"wp-block-button\"><a class=\"wp-block-button__link\" href=\"https:\/\/www.xitor.de\/index.php\/xitor-invoice\/\">Mehr erfahren<\/a><\/div>\n<\/div>\n<\/div>\n\n\n\n<div class=\"wp-block-column has-background is-layout-flow wp-block-column-is-layout-flow\" style=\"background-color:#f1f8fa\">\n<figure class=\"wp-block-image size-full is-resized\"><img loading=\"lazy\" decoding=\"async\" src=\"https:\/\/www.xitor.de\/wp-content\/uploads\/2022\/06\/Xitor_DMS_Logo753.png\" alt=\"\" class=\"wp-image-112\" width=\"188\" height=\"20\"\/><\/figure>\n\n\n\n<p>Die Basis f\u00fcr die Automatisierung komplexer Workflows<\/p>\n\n\n\n<div class=\"wp-block-buttons is-vertical is-content-justification-center is-layout-flex wp-container-core-buttons-is-layout-41848169 wp-block-buttons-is-layout-flex\">\n<div class=\"wp-block-button\"><a class=\"wp-block-button__link\" href=\"https:\/\/www.xitor.de\/index.php\/xitor-dms\/\">Mehr erfahren<\/a><\/div>\n<\/div>\n<\/div>\n\n\n\n<div class=\"wp-block-column has-background is-layout-flow wp-block-column-is-layout-flow\" style=\"background-color:#f1f8fa\">\n<figure class=\"wp-block-image size-full is-resized\"><img loading=\"lazy\" decoding=\"async\" src=\"https:\/\/www.xitor.de\/wp-content\/uploads\/2022\/06\/Xitor_Expert_Logo753.png\" alt=\"\" class=\"wp-image-113\" width=\"188\" height=\"24\"\/><\/figure>\n\n\n\n<p>F\u00fcr viel mehr Qualit\u00e4t<br> in viel weniger Zeit<\/p>\n\n\n\n<div class=\"wp-block-buttons is-vertical is-content-justification-center is-nowrap is-layout-flex wp-container-core-buttons-is-layout-4ccb78c2 wp-block-buttons-is-layout-flex\">\n<div class=\"wp-block-button\"><a class=\"wp-block-button__link\" href=\"https:\/\/www.xitor.de\/index.php\/xitor-expert\/\">Mehr erfahren<\/a><\/div>\n<\/div>\n<\/div>\n<\/div>\n\n\n\n<p><\/p>\n\n\n\n<h2 class=\"wp-block-heading\">Unser Unternehmen<\/h2>\n\n\n\n<p>Wir sind ein Team aus UnternehmerInnen, SteuerberaterInnen, Rechtsanw\u00e4ltInnen und ProgrammiererInnen mit \u00fcber 20-j\u00e4hriger Expertise in Digitalisierungsprojekten und der Mandantenberatung des Mittelstands. Bedeutet: All unsere L\u00f6sungen basieren auf Erfahrungen aus erster Hand \u2013 entwickelt von NutzerInnen f\u00fcr NutzerInnen!<\/p>\n\n\n\n<div class=\"wp-block-buttons is-content-justification-center is-layout-flex wp-container-core-buttons-is-layout-16018d1d wp-block-buttons-is-layout-flex\">\n<div class=\"wp-block-button\"><a class=\"wp-block-button__link\" href=\"https:\/\/www.xitor.de\/index.php\/unternehmen\/\">Mehr erfahren<\/a><\/div>\n<\/div>\n","protected":false},"excerpt":{"rendered":"<p>Steuerberatung und Accounting der n\u00e4chsten Generation Das ist die Mission von Xitor\u00ae. Voraussetzung daf\u00fcr ist es, alle relevanten Informationen strukturiert zu digitalisieren und bew\u00e4hrte Abl\u00e4ufe in automatisierte Workflows zu \u00fcbersetzen. So ist es m\u00f6glich, s\u00e4mtliche Prozesse rund um die Steuerberatung einfacher, transparenter und effizienter zu machen. Daf\u00fcr bieten wir Ihnen innovative und einfach zu implementierende [&hellip;]<\/p>\n","protected":false},"author":1,"featured_media":0,"parent":0,"menu_order":10,"comment_status":"closed","ping_status":"closed","template":"fullwidth.php","meta":{"footnotes":""},"class_list":["post-20","page","type-page","status-publish","hentry"],"_links":{"self":[{"href":"https:\/\/www.xitor.de\/index.php\/wp-json\/wp\/v2\/pages\/20","targetHints":{"allow":["GET"]}}],"collection":[{"href":"https:\/\/www.xitor.de\/index.php\/wp-json\/wp\/v2\/pages"}],"about":[{"href":"https:\/\/www.xitor.de\/index.php\/wp-json\/wp\/v2\/types\/page"}],"author":[{"embeddable":true,"href":"https:\/\/www.xitor.de\/index.php\/wp-json\/wp\/v2\/users\/1"}],"replies":[{"embeddable":true,"href":"https:\/\/www.xitor.de\/index.php\/wp-json\/wp\/v2\/comments?post=20"}],"version-history":[{"count":46,"href":"https:\/\/www.xitor.de\/index.php\/wp-json\/wp\/v2\/pages\/20\/revisions"}],"predecessor-version":[{"id":679,"href":"https:\/\/www.xitor.de\/index.php\/wp-json\/wp\/v2\/pages\/20\/revisions\/679"}],"wp:attachment":[{"href":"https:\/\/www.xitor.de\/index.php\/wp-json\/wp\/v2\/media?parent=20"}],"curies":[{"name":"wp","href":"https:\/\/api.w.org\/{rel}","templated":true}]}}